{"id":3,"date":"2024-02-15T03:31:18","date_gmt":"2024-02-15T03:31:18","guid":{"rendered":"http:\/\/dolcepanis.com\/?page_id=3"},"modified":"2024-03-28T14:15:13","modified_gmt":"2024-03-28T20:15:13","slug":"politica-privacidad","status":"publish","type":"page","link":"https:\/\/dolcepanis.morphos.lat\/index.php\/politica-privacidad\/","title":{"rendered":"Pol\u00edtica de privacidad"},"content":{"rendered":"\t\t<div data-elementor-type=\"wp-page\" data-elementor-id=\"3\" class=\"elementor elementor-3\" data-elementor-post-type=\"page\">\n\t\t\t\t<div class=\"elementor-element elementor-element-4d617c37 e-flex e-con-boxed e-con e-parent\" data-id=\"4d617c37\" data-element_type=\"container\" data-e-type=\"container\">\n\t\t\t\t\t<div class=\"e-con-inner\">\n\t\t\t\t<div class=\"elementor-element elementor-element-7388c55 elementor-widget elementor-widget-breadcrumbs\" data-id=\"7388c55\" data-element_type=\"widget\" data-e-type=\"widget\" data-widget_type=\"breadcrumbs.default\">\n\t\t\t\t<div class=\"elementor-widget-container\">\n\t\t\t\t\t<p id=\"breadcrumbs\"><span><span><a href=\"https:\/\/dolcepanis.morphos.lat\/\">Inicio<\/a><\/span><\/span><\/p>\t\t\t\t<\/div>\n\t\t\t\t<\/div>\n\t\t\t\t\t<\/div>\n\t\t\t\t<\/div>\n\t\t<div class=\"elementor-element elementor-element-e8fd555 e-flex e-con-boxed e-con e-parent\" data-id=\"e8fd555\" data-element_type=\"container\" data-e-type=\"container\">\n\t\t\t\t\t<div class=\"e-con-inner\">\n\t\t\t\t<div class=\"elementor-element elementor-element-bdbb0e2 elementor-widget elementor-widget-heading\" data-id=\"bdbb0e2\" data-element_type=\"widget\" data-e-type=\"widget\" data-widget_type=\"heading.default\">\n\t\t\t\t<div class=\"elementor-widget-container\">\n\t\t\t\t\t<h2 class=\"elementor-heading-title elementor-size-default\">Pol\u00edticas de Privacidad<\/h2>\t\t\t\t<\/div>\n\t\t\t\t<\/div>\n\t\t\t\t<div class=\"elementor-element elementor-element-474d0beb elementor-widget elementor-widget-text-editor\" data-id=\"474d0beb\" data-element_type=\"widget\" data-e-type=\"widget\" data-widget_type=\"text-editor.default\">\n\t\t\t\t<div class=\"elementor-widget-container\">\n\t\t\t\t\t\t\t\t\t<p><\/p>\n<p>DOLCE PANIS\u00a0en cumplimiento con la Ley Federal de Protecci\u00f3n de Datos Personales en Posesi\u00f3n de los Particulares, su respectivo Reglamento y dem\u00e1s disposiciones aplicables (en lo sucesivo la \u201cLey\u201d), le informa que es responsable de recabar sus datos personales, del uso que se le d\u00e9 a los mismos y de su protecci\u00f3n, por lo que pone a su disposici\u00f3n el presente Aviso de Privacidad.<\/p>\n<p>\u00a0<\/p>\n<p><strong>Informaci\u00f3n a recabar<\/strong><\/p>\n<p>\u00a0<\/p>\n<p>Los datos que usted como titular nos proporcione ser\u00e1n tratados bajo los principios establecidos en la Ley (licitud, consentimiento, informaci\u00f3n, calidad, finalidad, lealtad, proporcionalidad y responsabilidad).\u2028 Hacemos de su conocimiento que, a fin de registrarse en el presente sitio web, se le pedir\u00e1n los siguientes datos:\u2028 Nombre (obligatorio), correo electr\u00f3nico (obligatorio), mensaje (obligatorio).<\/p>\n<p>\u00a0<\/p>\n<p><strong>Finalidades del tratamiento de sus datos personales<\/strong><\/p>\n<p>\u00a0<\/p>\n<p>Los datos personales que recabamos en el sitio web los utilizaremos para las siguientes finalidades:<\/p>\n<p>Para identificar, ubicar, comunicar y contactar al usuario as\u00ed como para enviarle informaci\u00f3n y\/o mercanc\u00eda.<br \/>Para uso estad\u00edstico y cient\u00edfico; y la transmisi\u00f3n a terceros y socios comerciales por cualquier medio que permita la Ley.<\/p>\n<p>\u00a0<\/p>\n<p>Para desarrollar, por s\u00ed o a trav\u00e9s de sus afiliadas o cualquier tercero, estudios sobre los intereses, comportamientos y demograf\u00eda de los titulares, a efecto de comprender mejor sus necesidades e intereses, y ofrecer mejores servicios o proveerles informaci\u00f3n relevante.<\/p>\n<p>Para mejorar nuestras iniciativas y estrategias comerciales y las de terceros con los que tenemos relaci\u00f3n comercial y\/o jur\u00eddica.<\/p>\n<p>Para analizar las p\u00e1ginas de internet visitadas, las b\u00fasquedas efectuadas por los titulares, as\u00ed como para mejorar nuestra oferta de contenido y art\u00edculos, incluyendo personalizaci\u00f3n, presentaci\u00f3n, programaci\u00f3n y servicios.<\/p>\n<p>Para enviar informaci\u00f3n v\u00eda correo electr\u00f3nico respecto de ofertas, descuentos, o cualquier otro tipo de informaci\u00f3n comercial.<\/p>\n<p>Para todos aquellos datos que se recaban por medios distintos a este sitio web, le solicitamos consultar el aviso de privacidad correspondiente, con el objeto de conocer las finalidades de dicha recopilaci\u00f3n.<\/p>\n<p>\u00a0<\/p>\n<p><strong>Limitaci\u00f3n del uso y divulgaci\u00f3n de sus datos<\/strong><\/p>\n<p>\u00a0<\/p>\n<p>DOLCE PANIS tiene el compromiso de resguardar sus datos personales, financieros o patrimoniales bajo estrictas medidas de seguridad f\u00edsicas, t\u00e9cnicas y administrativas, las cuales han sido implementadas conforme a la Ley, con el objeto de proteger dichos datos personales contra cualquier da\u00f1o, p\u00e9rdida, alteraci\u00f3n, destrucci\u00f3n, uso, acceso o tratamiento no autorizados, y buscando ante todo, garantizar la confidencialidad de los datos y asegurarnos de minimizar cualquier riesgo o vulneraci\u00f3n que pudiera presentarse.<\/p>\n<p>\u00a0<\/p>\n<p><strong>Ejercicio de los Derechos ARCO<\/strong><\/p>\n<p>\u00a0<\/p>\n<p>En todo momento, usted tiene derecho de acceder a los datos personales que poseamos y a los detalles del tratamiento de los mismos, as\u00ed como a rectificarlos en caso de ser inexactos o solicitar su cancelaci\u00f3n cuando considere que resulten ser excesivos o innecesarios para las finalidades que justificaron su obtenci\u00f3n u oponerse al tratamiento de los mismos, mediante la solicitud respectiva en escrito libre que cumpla con los requisitos establecidos en la Ley. En caso de que requiera informaci\u00f3nsobre dicha solicitud, podr\u00e1 hacerlo enviando un correo electr\u00f3nico a la direcci\u00f3n: teatiendo@dolcepanis.com.\u2028\u2028 Una vez recibida su solicitud, le comunicaremos la determinaci\u00f3n adoptada dentro del plazo que establece la Ley, y en caso de que sea procedente se har\u00e1 efectiva de acuerdo a los plazos se\u00f1alados por la misma.\u2028Usted puede revocar el consentimiento que, en su caso, nos haya otorgado para el tratamiento de sus datos personales. Para revocar su consentimiento deber\u00e1 presentar una solicitud en los mismos t\u00e9rminos que aquella para el ejercicio de sus Derechos ARCO.<\/p>\n<p>\u00a0<\/p>\n<p><strong>Uso de <em>cookies<\/em><\/strong><\/p>\n<p>\u00a0<\/p>\n<p>Las <em>cookies<\/em>\u00a0son peque\u00f1os archivos de texto que un servidor de web env\u00eda a su computadora, mismas que sirven para poder brindarle una mejor atenci\u00f3n respecto de nuestros productos y\/o servicios. Las cookies de una sesi\u00f3n recuerdan la actividad que usted llev\u00f3 a cabo anteriormente en nuestro sitio web. Las cookies persistentes incluso hacen posible guardar sus preferencias en las diversas sesiones en que visite nuestro sitio web, lo cual nos permite personalizar, por ejemplo, la manera en que dicho sitio ponga a su disposici\u00f3n la informaci\u00f3n de su inter\u00e9s.<\/p>\n<p>\u00a0<\/p>\n<p>As\u00ed mismo, las cookies pueden utilizarse para evitar que le mostremos avisos, noticias y\/o recomendaciones que pudieran interesarle, de conformidad con sus actividades anteriores en nuestro sitio web. Las cookies tambi\u00e9n se usan para implementar estrategias que nos permitan elevar la calidad de nuestros productos y\/o servicios.<\/p>\n<p>\u00a0<\/p>\n<p>Algunos sitios web o aplicaciones de nuestra p\u00e1gina web podr\u00e1n utilizar objetos almacenados localmente, como son las cookies de Flash o almacenamiento local con HTML5. Este tipo de objetos almacenados localmente se utilizan para fines similares a los de las cookies pero generalmente pueden contener mayor cantidad de datos diferentes a los de las cookies del navegador. Usted puede modificar la configuraci\u00f3n de su reproductor Flash mediante el administrador de configuraci\u00f3n de conformidad con su preferencia sobre el almacenamiento de objetos locales compartidos, inclusive desactivar objetos locales compartidos solamente para determinados sitios web o desactivar totalmente el almacenamiento de objetos locales compartidos para todos los sitios web.<\/p>\n<p>\u00a0<\/p>\n<p>La mayor\u00eda de los navegadores o exploradores de internet le permiten desactivar o permitir el uso de cookies. Tambi\u00e9n puede eliminar las cookies de su computadora si su navegador se lo permite. Si desactiva las cookies, es posible que usted no pueda usar determinadas partes de nuestro sitio web y que sea necesario reinstalar una cookie de rechazo. En todo caso, usted contar\u00e1 con diversas opciones para limitar el acceso de las cookies de nuestro sitio web en su computadora.<\/p>\n<p>\u00a0<\/p>\n<p><strong>Sobre la transferencia de sus datos personales<\/strong><\/p>\n<p>\u00a0<\/p>\n<p>Le informamos que los datos recabados a trav\u00e9s del sitio web no ser\u00e1n transferidos a terceros distintos o ajenos al Responsable. Sin embargo, para aquellos datos recabados por cualquier otro medio, le solicitamos revisar los avisos de privacidad correspondientes.<\/p>\n<p>\u00a0<\/p>\n<p><strong>Cambios al Aviso de Privacidad<\/strong><\/p>\n<p>\u00a0<\/p>\n<p>El presente Aviso de Privacidad podr\u00e1 ser modificado en el futuro. En todo caso, cualquier modificaci\u00f3n al mismo se har\u00e1 de su conocimiento mediante la publicaci\u00f3n del mismo en la siguiente p\u00e1gina web:<br \/>https:\/\/dolcepanis.morphos.lat\/index.php\/politica-privacidad\/<\/p>\n<p>\u00a0<\/p>\n<p>\u2028<strong>*Si usted no manifiesta su oposici\u00f3n, se entiende que ha le\u00eddo y acepta los t\u00e9rminos contenidos en el presente Aviso de Privacidad.<\/strong><\/p>\n<p><\/p>\t\t\t\t\t\t\t\t<\/div>\n\t\t\t\t<\/div>\n\t\t\t\t\t<\/div>\n\t\t\t\t<\/div>\n\t\t\t\t<\/div>\n\t\t","protected":false},"excerpt":{"rendered":"<p>Pol\u00edticas de Privacidad DOLCE PANIS\u00a0en cumplimiento con la Ley Federal de Protecci\u00f3n de Datos Personales en Posesi\u00f3n de los Particulares, [&hellip;]<\/p>\n","protected":false},"author":1,"featured_media":0,"parent":0,"menu_order":0,"comment_status":"closed","ping_status":"open","template":"elementor_header_footer","meta":{"site-sidebar-layout":"default","site-content-layout":"","ast-site-content-layout":"default","site-content-style":"default","site-sidebar-style":"default","ast-global-header-display":"","ast-banner-title-visibility":"","ast-main-header-display":"","ast-hfb-above-header-display":"","ast-hfb-below-header-display":"","ast-hfb-mobile-header-display":"","site-post-title":"","ast-breadcrumbs-content":"","ast-featured-img":"","footer-sml-layout":"","ast-disable-related-posts":"","theme-transparent-header-meta":"","adv-header-id-meta":"","stick-header-meta":"","header-above-stick-meta":"","header-main-stick-meta":"","header-below-stick-meta":"","astra-migrate-meta-layouts":"default","ast-page-background-enabled":"default","ast-page-background-meta":{"desktop":{"background-color":"var(--ast-global-color-4)","background-image":"","background-repeat":"repeat","background-position":"center center","background-size":"auto","background-attachment":"scroll","background-type":"","background-media":"","overlay-type":"","overlay-color":"","overlay-opacity":"","overlay-gradient":""},"tablet":{"background-color":"","background-image":"","background-repeat":"repeat","background-position":"center center","background-size":"auto","background-attachment":"scroll","background-type":"","background-media":"","overlay-type":"","overlay-color":"","overlay-opacity":"","overlay-gradient":""},"mobile":{"background-color":"","background-image":"","background-repeat":"repeat","background-position":"center center","background-size":"auto","background-attachment":"scroll","background-type":"","background-media":"","overlay-type":"","overlay-color":"","overlay-opacity":"","overlay-gradient":""}},"ast-content-background-meta":{"desktop":{"background-color":"var(--ast-global-color-5)","background-image":"","background-repeat":"repeat","background-position":"center center","background-size":"auto","background-attachment":"scroll","background-type":"","background-media":"","overlay-type":"","overlay-color":"","overlay-opacity":"","overlay-gradient":""},"tablet":{"background-color":"var(--ast-global-color-5)","background-image":"","background-repeat":"repeat","background-position":"center center","background-size":"auto","background-attachment":"scroll","background-type":"","background-media":"","overlay-type":"","overlay-color":"","overlay-opacity":"","overlay-gradient":""},"mobile":{"background-color":"var(--ast-global-color-5)","background-image":"","background-repeat":"repeat","background-position":"center center","background-size":"auto","background-attachment":"scroll","background-type":"","background-media":"","overlay-type":"","overlay-color":"","overlay-opacity":"","overlay-gradient":""}},"footnotes":""},"class_list":["post-3","page","type-page","status-publish","hentry"],"yoast_head":"<!-- This site is optimized with the Yoast SEO plugin v26.9 - https:\/\/yoast.com\/product\/yoast-seo-wordpress\/ -->\n<title>Pol\u00edtica de privacidad - Dolce Panis<\/title>\n<meta name=\"robots\" content=\"index, follow, max-snippet:-1, max-image-preview:large, max-video-preview:-1\" \/>\n<link rel=\"canonical\" href=\"https:\/\/dolcepanis.morphos.lat\/index.php\/politica-privacidad\/\" \/>\n<meta property=\"og:locale\" content=\"es_MX\" \/>\n<meta property=\"og:type\" content=\"article\" \/>\n<meta property=\"og:title\" content=\"Pol\u00edtica de privacidad - Dolce Panis\" \/>\n<meta property=\"og:description\" content=\"Pol\u00edticas de Privacidad DOLCE PANIS\u00a0en cumplimiento con la Ley Federal de Protecci\u00f3n de Datos Personales en Posesi\u00f3n de los Particulares, [&hellip;]\" \/>\n<meta property=\"og:url\" content=\"https:\/\/dolcepanis.morphos.lat\/index.php\/politica-privacidad\/\" \/>\n<meta property=\"og:site_name\" content=\"Dolce Panis\" \/>\n<meta property=\"article:publisher\" content=\"https:\/\/www.facebook.com\/profile.php?id=61556635073571\" \/>\n<meta property=\"article:modified_time\" content=\"2024-03-28T20:15:13+00:00\" \/>\n<meta name=\"twitter:card\" content=\"summary_large_image\" \/>\n<meta name=\"twitter:label1\" content=\"Tiempo de lectura\" \/>\n\t<meta name=\"twitter:data1\" content=\"5 minutos\" \/>\n<script type=\"application\/ld+json\" class=\"yoast-schema-graph\">{\"@context\":\"https:\/\/schema.org\",\"@graph\":[{\"@type\":\"WebPage\",\"@id\":\"https:\/\/dolcepanis.morphos.lat\/index.php\/politica-privacidad\/\",\"url\":\"https:\/\/dolcepanis.morphos.lat\/index.php\/politica-privacidad\/\",\"name\":\"Pol\u00edtica de privacidad - Dolce Panis\",\"isPartOf\":{\"@id\":\"https:\/\/dolcepanis.morphos.lat\/#website\"},\"datePublished\":\"2024-02-15T03:31:18+00:00\",\"dateModified\":\"2024-03-28T20:15:13+00:00\",\"breadcrumb\":{\"@id\":\"https:\/\/dolcepanis.morphos.lat\/index.php\/politica-privacidad\/#breadcrumb\"},\"inLanguage\":\"es\",\"potentialAction\":[{\"@type\":\"ReadAction\",\"target\":[\"https:\/\/dolcepanis.morphos.lat\/index.php\/politica-privacidad\/\"]}]},{\"@type\":\"BreadcrumbList\",\"@id\":\"https:\/\/dolcepanis.morphos.lat\/index.php\/politica-privacidad\/#breadcrumb\",\"itemListElement\":[{\"@type\":\"ListItem\",\"position\":1,\"name\":\"Inicio\",\"item\":\"https:\/\/dolcepanis.morphos.lat\/\"},{\"@type\":\"ListItem\",\"position\":2,\"name\":\"Pol\u00edtica de privacidad\"}]},{\"@type\":\"WebSite\",\"@id\":\"https:\/\/dolcepanis.morphos.lat\/#website\",\"url\":\"https:\/\/dolcepanis.morphos.lat\/\",\"name\":\"dolcepanis.com\",\"description\":\"PANADERIA BOUTIQUE\",\"publisher\":{\"@id\":\"https:\/\/dolcepanis.morphos.lat\/#organization\"},\"potentialAction\":[{\"@type\":\"SearchAction\",\"target\":{\"@type\":\"EntryPoint\",\"urlTemplate\":\"https:\/\/dolcepanis.morphos.lat\/?s={search_term_string}\"},\"query-input\":{\"@type\":\"PropertyValueSpecification\",\"valueRequired\":true,\"valueName\":\"search_term_string\"}}],\"inLanguage\":\"es\"},{\"@type\":\"Organization\",\"@id\":\"https:\/\/dolcepanis.morphos.lat\/#organization\",\"name\":\"dolcepanis.com\",\"url\":\"https:\/\/dolcepanis.morphos.lat\/\",\"logo\":{\"@type\":\"ImageObject\",\"inLanguage\":\"es\",\"@id\":\"https:\/\/dolcepanis.morphos.lat\/#\/schema\/logo\/image\/\",\"url\":\"https:\/\/dolcepanis.morphos.lat\/wp-content\/uploads\/2024\/03\/ISOLOGO-CIRCULO-K.png\",\"contentUrl\":\"https:\/\/dolcepanis.morphos.lat\/wp-content\/uploads\/2024\/03\/ISOLOGO-CIRCULO-K.png\",\"width\":1200,\"height\":1200,\"caption\":\"dolcepanis.com\"},\"image\":{\"@id\":\"https:\/\/dolcepanis.morphos.lat\/#\/schema\/logo\/image\/\"},\"sameAs\":[\"https:\/\/www.facebook.com\/profile.php?id=61556635073571\",\"https:\/\/www.instagram.com\/dolcepanis\/\"]}]}<\/script>\n<!-- \/ Yoast SEO plugin. -->","yoast_head_json":{"title":"Pol\u00edtica de privacidad - Dolce Panis","robots":{"index":"index","follow":"follow","max-snippet":"max-snippet:-1","max-image-preview":"max-image-preview:large","max-video-preview":"max-video-preview:-1"},"canonical":"https:\/\/dolcepanis.morphos.lat\/index.php\/politica-privacidad\/","og_locale":"es_MX","og_type":"article","og_title":"Pol\u00edtica de privacidad - Dolce Panis","og_description":"Pol\u00edticas de Privacidad DOLCE PANIS\u00a0en cumplimiento con la Ley Federal de Protecci\u00f3n de Datos Personales en Posesi\u00f3n de los Particulares, [&hellip;]","og_url":"https:\/\/dolcepanis.morphos.lat\/index.php\/politica-privacidad\/","og_site_name":"Dolce Panis","article_publisher":"https:\/\/www.facebook.com\/profile.php?id=61556635073571","article_modified_time":"2024-03-28T20:15:13+00:00","twitter_card":"summary_large_image","twitter_misc":{"Tiempo de lectura":"5 minutos"},"schema":{"@context":"https:\/\/schema.org","@graph":[{"@type":"WebPage","@id":"https:\/\/dolcepanis.morphos.lat\/index.php\/politica-privacidad\/","url":"https:\/\/dolcepanis.morphos.lat\/index.php\/politica-privacidad\/","name":"Pol\u00edtica de privacidad - Dolce Panis","isPartOf":{"@id":"https:\/\/dolcepanis.morphos.lat\/#website"},"datePublished":"2024-02-15T03:31:18+00:00","dateModified":"2024-03-28T20:15:13+00:00","breadcrumb":{"@id":"https:\/\/dolcepanis.morphos.lat\/index.php\/politica-privacidad\/#breadcrumb"},"inLanguage":"es","potentialAction":[{"@type":"ReadAction","target":["https:\/\/dolcepanis.morphos.lat\/index.php\/politica-privacidad\/"]}]},{"@type":"BreadcrumbList","@id":"https:\/\/dolcepanis.morphos.lat\/index.php\/politica-privacidad\/#breadcrumb","itemListElement":[{"@type":"ListItem","position":1,"name":"Inicio","item":"https:\/\/dolcepanis.morphos.lat\/"},{"@type":"ListItem","position":2,"name":"Pol\u00edtica de privacidad"}]},{"@type":"WebSite","@id":"https:\/\/dolcepanis.morphos.lat\/#website","url":"https:\/\/dolcepanis.morphos.lat\/","name":"dolcepanis.com","description":"PANADERIA BOUTIQUE","publisher":{"@id":"https:\/\/dolcepanis.morphos.lat\/#organization"},"potentialAction":[{"@type":"SearchAction","target":{"@type":"EntryPoint","urlTemplate":"https:\/\/dolcepanis.morphos.lat\/?s={search_term_string}"},"query-input":{"@type":"PropertyValueSpecification","valueRequired":true,"valueName":"search_term_string"}}],"inLanguage":"es"},{"@type":"Organization","@id":"https:\/\/dolcepanis.morphos.lat\/#organization","name":"dolcepanis.com","url":"https:\/\/dolcepanis.morphos.lat\/","logo":{"@type":"ImageObject","inLanguage":"es","@id":"https:\/\/dolcepanis.morphos.lat\/#\/schema\/logo\/image\/","url":"https:\/\/dolcepanis.morphos.lat\/wp-content\/uploads\/2024\/03\/ISOLOGO-CIRCULO-K.png","contentUrl":"https:\/\/dolcepanis.morphos.lat\/wp-content\/uploads\/2024\/03\/ISOLOGO-CIRCULO-K.png","width":1200,"height":1200,"caption":"dolcepanis.com"},"image":{"@id":"https:\/\/dolcepanis.morphos.lat\/#\/schema\/logo\/image\/"},"sameAs":["https:\/\/www.facebook.com\/profile.php?id=61556635073571","https:\/\/www.instagram.com\/dolcepanis\/"]}]}},"_links":{"self":[{"href":"https:\/\/dolcepanis.morphos.lat\/index.php\/wp-json\/wp\/v2\/pages\/3","targetHints":{"allow":["GET"]}}],"collection":[{"href":"https:\/\/dolcepanis.morphos.lat\/index.php\/wp-json\/wp\/v2\/pages"}],"about":[{"href":"https:\/\/dolcepanis.morphos.lat\/index.php\/wp-json\/wp\/v2\/types\/page"}],"author":[{"embeddable":true,"href":"https:\/\/dolcepanis.morphos.lat\/index.php\/wp-json\/wp\/v2\/users\/1"}],"replies":[{"embeddable":true,"href":"https:\/\/dolcepanis.morphos.lat\/index.php\/wp-json\/wp\/v2\/comments?post=3"}],"version-history":[{"count":18,"href":"https:\/\/dolcepanis.morphos.lat\/index.php\/wp-json\/wp\/v2\/pages\/3\/revisions"}],"predecessor-version":[{"id":1638,"href":"https:\/\/dolcepanis.morphos.lat\/index.php\/wp-json\/wp\/v2\/pages\/3\/revisions\/1638"}],"wp:attachment":[{"href":"https:\/\/dolcepanis.morphos.lat\/index.php\/wp-json\/wp\/v2\/media?parent=3"}],"curies":[{"name":"wp","href":"https:\/\/api.w.org\/{rel}","templated":true}]}}