{"id":793,"date":"2024-03-21T05:16:35","date_gmt":"2024-03-21T05:16:35","guid":{"rendered":"https:\/\/dolcepanis.com\/?page_id=793"},"modified":"2025-02-07T18:23:47","modified_gmt":"2025-02-08T00:23:47","slug":"pan-europeo-tradicional-premium","status":"publish","type":"page","link":"https:\/\/dolcepanis.morphos.lat\/index.php\/pan-europeo-tradicional-premium\/","title":{"rendered":"Nuestros productos"},"content":{"rendered":"\t\t<div data-elementor-type=\"wp-page\" data-elementor-id=\"793\" class=\"elementor elementor-793\" data-elementor-post-type=\"page\">\n\t\t\t\t<div class=\"elementor-element elementor-element-71f08915 e-flex e-con-boxed e-con e-parent\" data-id=\"71f08915\" data-element_type=\"container\" data-e-type=\"container\" data-settings=\"{&quot;background_background&quot;:&quot;classic&quot;}\">\n\t\t\t\t\t<div class=\"e-con-inner\">\n\t\t\t\t<div class=\"elementor-element elementor-element-ac75290 elementor-widget elementor-widget-heading\" data-id=\"ac75290\" data-element_type=\"widget\" data-e-type=\"widget\" data-widget_type=\"heading.default\">\n\t\t\t\t<div class=\"elementor-widget-container\">\n\t\t\t\t\t<h2 class=\"elementor-heading-title elementor-size-default\">Nuestros productos<\/h2>\t\t\t\t<\/div>\n\t\t\t\t<\/div>\n\t\t\t\t\t<\/div>\n\t\t\t\t<\/div>\n\t\t<div class=\"elementor-element elementor-element-a4b7f34 e-flex e-con-boxed e-con e-parent\" data-id=\"a4b7f34\" data-element_type=\"container\" data-e-type=\"container\">\n\t\t\t\t\t<div class=\"e-con-inner\">\n\t\t<div class=\"elementor-element elementor-element-7587d53 e-con-full e-flex e-con e-child\" data-id=\"7587d53\" data-element_type=\"container\" data-e-type=\"container\">\n\t\t\t\t<div class=\"elementor-element elementor-element-3317c6d5 elementor-widget elementor-widget-image\" data-id=\"3317c6d5\" data-element_type=\"widget\" data-e-type=\"widget\" data-widget_type=\"image.default\">\n\t\t\t\t<div class=\"elementor-widget-container\">\n\t\t\t\t\t\t\t\t\t\t\t\t<figure class=\"wp-caption\">\n\t\t\t\t\t\t\t\t\t\t<img fetchpriority=\"high\" decoding=\"async\" width=\"1024\" height=\"768\" src=\"https:\/\/dolcepanis.morphos.lat\/wp-content\/uploads\/2024\/03\/pan-dulce-1.jpg\" class=\"attachment-large size-large wp-image-804\" alt=\"pan dulce europeo\" \/>\t\t\t\t\t\t\t\t\t\t\t<figcaption class=\"widget-image-caption wp-caption-text\"><\/figcaption>\n\t\t\t\t\t\t\t\t\t\t<\/figure>\n\t\t\t\t\t\t\t\t\t<\/div>\n\t\t\t\t<\/div>\n\t\t\t\t<\/div>\n\t\t<div class=\"elementor-element elementor-element-5d9bf3ae e-con-full e-flex e-con e-child\" data-id=\"5d9bf3ae\" data-element_type=\"container\" data-e-type=\"container\">\n\t\t\t\t<div class=\"elementor-element elementor-element-34b9f22a elementor-widget elementor-widget-heading\" data-id=\"34b9f22a\" data-element_type=\"widget\" data-e-type=\"widget\" data-widget_type=\"heading.default\">\n\t\t\t\t<div class=\"elementor-widget-container\">\n\t\t\t\t\t<h2 class=\"elementor-heading-title elementor-size-default\">Pan dulce<\/h2>\t\t\t\t<\/div>\n\t\t\t\t<\/div>\n\t\t\t\t<div class=\"elementor-element elementor-element-4dbe66ac elementor-widget elementor-widget-text-editor\" data-id=\"4dbe66ac\" data-element_type=\"widget\" data-e-type=\"widget\" data-widget_type=\"text-editor.default\">\n\t\t\t\t<div class=\"elementor-widget-container\">\n\t\t\t\t\t\t\t\t\t<p>Panader\u00eda francesa y de otros pa\u00edses de Europa.<br \/>Receta \u00fanica excepcional.<br \/>Sabor inspirado por la tradici\u00f3n.<br \/>Mantequilla fina.<br \/>Certificado Halal.<br \/>Aconsejado para vegetarianos.<\/p>\t\t\t\t\t\t\t\t<\/div>\n\t\t\t\t<\/div>\n\t\t\t\t<\/div>\n\t\t\t\t\t<\/div>\n\t\t\t\t<\/div>\n\t\t<div class=\"elementor-element elementor-element-1cef15d e-flex e-con-boxed e-con e-parent\" data-id=\"1cef15d\" data-element_type=\"container\" data-e-type=\"container\">\n\t\t\t\t\t<div class=\"e-con-inner\">\n\t\t<div class=\"elementor-element elementor-element-7cc0821 e-con-full e-flex e-con e-child\" data-id=\"7cc0821\" data-element_type=\"container\" data-e-type=\"container\">\n\t\t\t\t<div class=\"elementor-element elementor-element-acb72f9 elementor-widget elementor-widget-image\" data-id=\"acb72f9\" data-element_type=\"widget\" data-e-type=\"widget\" data-widget_type=\"image.default\">\n\t\t\t\t<div class=\"elementor-widget-container\">\n\t\t\t\t\t\t\t\t\t\t\t\t\t\t\t<img decoding=\"async\" width=\"1024\" height=\"719\" src=\"https:\/\/dolcepanis.morphos.lat\/wp-content\/uploads\/2024\/03\/pan-salado-1.jpg\" class=\"attachment-large size-large wp-image-813\" alt=\"pan salado europeo\" \/>\t\t\t\t\t\t\t\t\t\t\t\t\t\t\t<\/div>\n\t\t\t\t<\/div>\n\t\t\t\t<\/div>\n\t\t<div class=\"elementor-element elementor-element-3361c7c e-con-full e-flex e-con e-child\" data-id=\"3361c7c\" data-element_type=\"container\" data-e-type=\"container\">\n\t\t\t\t<div class=\"elementor-element elementor-element-2c0e3b6 elementor-widget elementor-widget-heading\" data-id=\"2c0e3b6\" data-element_type=\"widget\" data-e-type=\"widget\" data-widget_type=\"heading.default\">\n\t\t\t\t<div class=\"elementor-widget-container\">\n\t\t\t\t\t<h2 class=\"elementor-heading-title elementor-size-default\">Pan salado<\/h2>\t\t\t\t<\/div>\n\t\t\t\t<\/div>\n\t\t\t\t<div class=\"elementor-element elementor-element-cde56da elementor-widget elementor-widget-text-editor\" data-id=\"cde56da\" data-element_type=\"widget\" data-e-type=\"widget\" data-widget_type=\"text-editor.default\">\n\t\t\t\t<div class=\"elementor-widget-container\">\n\t\t\t\t\t\t\t\t\t<p>Panader\u00eda europea.<br \/>Sabor inspirado por la tradici\u00f3n.<br \/>Ingredientes de origen natural.<br \/>Inspiraci\u00f3n artesanal y modernidad.<br \/>Certificado Halal.<br \/>Aconsejado para vegetarianos y veganos.<\/p>\t\t\t\t\t\t\t\t<\/div>\n\t\t\t\t<\/div>\n\t\t\t\t<\/div>\n\t\t\t\t\t<\/div>\n\t\t\t\t<\/div>\n\t\t<div class=\"elementor-element elementor-element-75556ca e-flex e-con-boxed e-con e-parent\" data-id=\"75556ca\" data-element_type=\"container\" data-e-type=\"container\">\n\t\t\t\t\t<div class=\"e-con-inner\">\n\t\t<div class=\"elementor-element elementor-element-cc0e42c e-con-full e-flex e-con e-child\" data-id=\"cc0e42c\" data-element_type=\"container\" data-e-type=\"container\">\n\t\t\t\t<div class=\"elementor-element elementor-element-a0c2c63 elementor-widget elementor-widget-image\" data-id=\"a0c2c63\" data-element_type=\"widget\" data-e-type=\"widget\" data-widget_type=\"image.default\">\n\t\t\t\t<div class=\"elementor-widget-container\">\n\t\t\t\t\t\t\t\t\t\t\t\t\t\t\t<img decoding=\"async\" width=\"1024\" height=\"683\" src=\"https:\/\/dolcepanis.morphos.lat\/wp-content\/uploads\/2024\/03\/muffins-panques-3.jpg\" class=\"attachment-large size-large wp-image-1456\" alt=\"pan dulce europeo\" \/>\t\t\t\t\t\t\t\t\t\t\t\t\t\t\t<\/div>\n\t\t\t\t<\/div>\n\t\t\t\t<\/div>\n\t\t<div class=\"elementor-element elementor-element-4cc6864 e-con-full e-flex e-con e-child\" data-id=\"4cc6864\" data-element_type=\"container\" data-e-type=\"container\">\n\t\t\t\t<div class=\"elementor-element elementor-element-e201be1 elementor-widget elementor-widget-heading\" data-id=\"e201be1\" data-element_type=\"widget\" data-e-type=\"widget\" data-widget_type=\"heading.default\">\n\t\t\t\t<div class=\"elementor-widget-container\">\n\t\t\t\t\t<h2 class=\"elementor-heading-title elementor-size-default\">Muffins &amp; Panqu\u00e9s<\/h2>\t\t\t\t<\/div>\n\t\t\t\t<\/div>\n\t\t\t\t<div class=\"elementor-element elementor-element-6d13e58 elementor-widget elementor-widget-text-editor\" data-id=\"6d13e58\" data-element_type=\"widget\" data-e-type=\"widget\" data-widget_type=\"text-editor.default\">\n\t\t\t\t<div class=\"elementor-widget-container\">\n\t\t\t\t\t\t\t\t\t<p>Panader\u00eda de Europa y el mundo.<br \/>Recetas \u00fanicas innovadoras.<br \/>Sabor casero irresistible.<br \/>Presentaci\u00f3n premium.<\/p>\t\t\t\t\t\t\t\t<\/div>\n\t\t\t\t<\/div>\n\t\t\t\t<\/div>\n\t\t\t\t\t<\/div>\n\t\t\t\t<\/div>\n\t\t<div class=\"elementor-element elementor-element-76fb6e9 e-flex e-con-boxed e-con e-parent\" data-id=\"76fb6e9\" data-element_type=\"container\" data-e-type=\"container\">\n\t\t\t\t\t<div class=\"e-con-inner\">\n\t\t<div class=\"elementor-element elementor-element-d194f7c e-con-full e-flex e-con e-child\" data-id=\"d194f7c\" data-element_type=\"container\" data-e-type=\"container\">\n\t\t\t\t<div class=\"elementor-element elementor-element-68b14ad elementor-widget elementor-widget-image\" data-id=\"68b14ad\" data-element_type=\"widget\" data-e-type=\"widget\" data-widget_type=\"image.default\">\n\t\t\t\t<div class=\"elementor-widget-container\">\n\t\t\t\t\t\t\t\t\t\t\t\t\t\t\t<img loading=\"lazy\" decoding=\"async\" width=\"1024\" height=\"833\" src=\"https:\/\/dolcepanis.morphos.lat\/wp-content\/uploads\/2024\/03\/psteles-1.jpg\" class=\"attachment-large size-large wp-image-820\" alt=\"pastel europeo\" \/>\t\t\t\t\t\t\t\t\t\t\t\t\t\t\t<\/div>\n\t\t\t\t<\/div>\n\t\t\t\t<\/div>\n\t\t<div class=\"elementor-element elementor-element-1e96114 e-con-full e-flex e-con e-child\" data-id=\"1e96114\" data-element_type=\"container\" data-e-type=\"container\">\n\t\t\t\t<div class=\"elementor-element elementor-element-43b5346 elementor-widget elementor-widget-heading\" data-id=\"43b5346\" data-element_type=\"widget\" data-e-type=\"widget\" data-widget_type=\"heading.default\">\n\t\t\t\t<div class=\"elementor-widget-container\">\n\t\t\t\t\t<h2 class=\"elementor-heading-title elementor-size-default\">Pasteler\u00eda premium<\/h2>\t\t\t\t<\/div>\n\t\t\t\t<\/div>\n\t\t\t\t<div class=\"elementor-element elementor-element-75bf205 elementor-widget elementor-widget-text-editor\" data-id=\"75bf205\" data-element_type=\"widget\" data-e-type=\"widget\" data-widget_type=\"text-editor.default\">\n\t\t\t\t<div class=\"elementor-widget-container\">\n\t\t\t\t\t\t\t\t\t<p>Delicados sabores y acabados artesanales.<br \/>Recetas tradicionales elaboradas con las mejores materias primas.<\/p>\t\t\t\t\t\t\t\t<\/div>\n\t\t\t\t<\/div>\n\t\t\t\t<\/div>\n\t\t\t\t\t<\/div>\n\t\t\t\t<\/div>\n\t\t\t\t<\/div>\n\t\t","protected":false},"excerpt":{"rendered":"<p>Nuestros productos Pan dulce Panader\u00eda francesa y de otros pa\u00edses de Europa.Receta \u00fanica excepcional.Sabor inspirado por la tradici\u00f3n.Mantequilla fina.Certificado Halal.Aconsejado [&hellip;]<\/p>\n","protected":false},"author":1,"featured_media":0,"parent":0,"menu_order":0,"comment_status":"closed","ping_status":"closed","template":"elementor_header_footer","meta":{"site-sidebar-layout":"no-sidebar","site-content-layout":"","ast-site-content-layout":"full-width-container","site-content-style":"default","site-sidebar-style":"default","ast-global-header-display":"","ast-banner-title-visibility":"","ast-main-header-display":"","ast-hfb-above-header-display":"","ast-hfb-below-header-display":"","ast-hfb-mobile-header-display":"","site-post-title":"disabled","ast-breadcrumbs-content":"","ast-featured-img":"disabled","footer-sml-layout":"","ast-disable-related-posts":"","theme-transparent-header-meta":"","adv-header-id-meta":"","stick-header-meta":"","header-above-stick-meta":"","header-main-stick-meta":"","header-below-stick-meta":"","astra-migrate-meta-layouts":"default","ast-page-background-enabled":"default","ast-page-background-meta":{"desktop":{"background-color":"var(--ast-global-color-4)","background-image":"","background-repeat":"repeat","background-position":"center center","background-size":"auto","background-attachment":"scroll","background-type":"","background-media":"","overlay-type":"","overlay-color":"","overlay-opacity":"","overlay-gradient":""},"tablet":{"background-color":"","background-image":"","background-repeat":"repeat","background-position":"center center","background-size":"auto","background-attachment":"scroll","background-type":"","background-media":"","overlay-type":"","overlay-color":"","overlay-opacity":"","overlay-gradient":""},"mobile":{"background-color":"","background-image":"","background-repeat":"repeat","background-position":"center center","background-size":"auto","background-attachment":"scroll","background-type":"","background-media":"","overlay-type":"","overlay-color":"","overlay-opacity":"","overlay-gradient":""}},"ast-content-background-meta":{"desktop":{"background-color":"var(--ast-global-color-5)","background-image":"","background-repeat":"repeat","background-position":"center center","background-size":"auto","background-attachment":"scroll","background-type":"","background-media":"","overlay-type":"","overlay-color":"","overlay-opacity":"","overlay-gradient":""},"tablet":{"background-color":"var(--ast-global-color-5)","background-image":"","background-repeat":"repeat","background-position":"center center","background-size":"auto","background-attachment":"scroll","background-type":"","background-media":"","overlay-type":"","overlay-color":"","overlay-opacity":"","overlay-gradient":""},"mobile":{"background-color":"var(--ast-global-color-5)","background-image":"","background-repeat":"repeat","background-position":"center center","background-size":"auto","background-attachment":"scroll","background-type":"","background-media":"","overlay-type":"","overlay-color":"","overlay-opacity":"","overlay-gradient":""}},"footnotes":""},"class_list":["post-793","page","type-page","status-publish","hentry"],"yoast_head":"<!-- This site is optimized with the Yoast SEO plugin v26.9 - https:\/\/yoast.com\/product\/yoast-seo-wordpress\/ -->\n<title>Pan europeo tradicional premium - Nuestros productos<\/title>\n<meta name=\"description\" content=\"En DOLCE PANIS Panader\u00eda Boutique elaboramos pan tradicional europeo con ingredientes premium. Ubicados en Leon, Guanajuato.\" \/>\n<meta name=\"robots\" content=\"index, follow, max-snippet:-1, max-image-preview:large, max-video-preview:-1\" \/>\n<link rel=\"canonical\" href=\"https:\/\/dolcepanis.morphos.lat\/index.php\/pan-europeo-tradicional-premium\/\" \/>\n<meta property=\"og:locale\" content=\"es_MX\" \/>\n<meta property=\"og:type\" content=\"article\" \/>\n<meta property=\"og:title\" content=\"Pan europeo tradicional premium - Nuestros productos\" \/>\n<meta property=\"og:description\" content=\"En DOLCE PANIS Panader\u00eda Boutique elaboramos pan tradicional europeo con ingredientes premium. Ubicados en Leon, Guanajuato.\" \/>\n<meta property=\"og:url\" content=\"https:\/\/dolcepanis.morphos.lat\/index.php\/pan-europeo-tradicional-premium\/\" \/>\n<meta property=\"og:site_name\" content=\"Dolce Panis\" \/>\n<meta property=\"article:publisher\" content=\"https:\/\/www.facebook.com\/profile.php?id=61556635073571\" \/>\n<meta property=\"article:modified_time\" content=\"2025-02-08T00:23:47+00:00\" \/>\n<meta property=\"og:image\" content=\"https:\/\/dolcepanis.morphos.lat\/wp-content\/uploads\/2024\/03\/pan-dulce-1.jpg\" \/>\n<meta name=\"twitter:card\" content=\"summary_large_image\" \/>\n<meta name=\"twitter:label1\" content=\"Tiempo de lectura\" \/>\n\t<meta name=\"twitter:data1\" content=\"2 minutos\" \/>\n<script type=\"application\/ld+json\" class=\"yoast-schema-graph\">{\"@context\":\"https:\/\/schema.org\",\"@graph\":[{\"@type\":\"WebPage\",\"@id\":\"https:\/\/dolcepanis.morphos.lat\/index.php\/pan-europeo-tradicional-premium\/\",\"url\":\"https:\/\/dolcepanis.morphos.lat\/index.php\/pan-europeo-tradicional-premium\/\",\"name\":\"Pan europeo tradicional premium - Nuestros productos\",\"isPartOf\":{\"@id\":\"https:\/\/dolcepanis.morphos.lat\/#website\"},\"primaryImageOfPage\":{\"@id\":\"https:\/\/dolcepanis.morphos.lat\/index.php\/pan-europeo-tradicional-premium\/#primaryimage\"},\"image\":{\"@id\":\"https:\/\/dolcepanis.morphos.lat\/index.php\/pan-europeo-tradicional-premium\/#primaryimage\"},\"thumbnailUrl\":\"https:\/\/dolcepanis.morphos.lat\/wp-content\/uploads\/2024\/03\/pan-dulce-1.jpg\",\"datePublished\":\"2024-03-21T05:16:35+00:00\",\"dateModified\":\"2025-02-08T00:23:47+00:00\",\"description\":\"En DOLCE PANIS Panader\u00eda Boutique elaboramos pan tradicional europeo con ingredientes premium. Ubicados en Leon, Guanajuato.\",\"breadcrumb\":{\"@id\":\"https:\/\/dolcepanis.morphos.lat\/index.php\/pan-europeo-tradicional-premium\/#breadcrumb\"},\"inLanguage\":\"es\",\"potentialAction\":[{\"@type\":\"ReadAction\",\"target\":[\"https:\/\/dolcepanis.morphos.lat\/index.php\/pan-europeo-tradicional-premium\/\"]}]},{\"@type\":\"ImageObject\",\"inLanguage\":\"es\",\"@id\":\"https:\/\/dolcepanis.morphos.lat\/index.php\/pan-europeo-tradicional-premium\/#primaryimage\",\"url\":\"https:\/\/dolcepanis.morphos.lat\/wp-content\/uploads\/2024\/03\/pan-dulce-1.jpg\",\"contentUrl\":\"https:\/\/dolcepanis.morphos.lat\/wp-content\/uploads\/2024\/03\/pan-dulce-1.jpg\"},{\"@type\":\"BreadcrumbList\",\"@id\":\"https:\/\/dolcepanis.morphos.lat\/index.php\/pan-europeo-tradicional-premium\/#breadcrumb\",\"itemListElement\":[{\"@type\":\"ListItem\",\"position\":1,\"name\":\"Inicio\",\"item\":\"https:\/\/dolcepanis.morphos.lat\/\"},{\"@type\":\"ListItem\",\"position\":2,\"name\":\"Nuestros productos\"}]},{\"@type\":\"WebSite\",\"@id\":\"https:\/\/dolcepanis.morphos.lat\/#website\",\"url\":\"https:\/\/dolcepanis.morphos.lat\/\",\"name\":\"dolcepanis.com\",\"description\":\"PANADERIA BOUTIQUE\",\"publisher\":{\"@id\":\"https:\/\/dolcepanis.morphos.lat\/#organization\"},\"potentialAction\":[{\"@type\":\"SearchAction\",\"target\":{\"@type\":\"EntryPoint\",\"urlTemplate\":\"https:\/\/dolcepanis.morphos.lat\/?s={search_term_string}\"},\"query-input\":{\"@type\":\"PropertyValueSpecification\",\"valueRequired\":true,\"valueName\":\"search_term_string\"}}],\"inLanguage\":\"es\"},{\"@type\":\"Organization\",\"@id\":\"https:\/\/dolcepanis.morphos.lat\/#organization\",\"name\":\"dolcepanis.com\",\"url\":\"https:\/\/dolcepanis.morphos.lat\/\",\"logo\":{\"@type\":\"ImageObject\",\"inLanguage\":\"es\",\"@id\":\"https:\/\/dolcepanis.morphos.lat\/#\/schema\/logo\/image\/\",\"url\":\"https:\/\/dolcepanis.morphos.lat\/wp-content\/uploads\/2024\/03\/ISOLOGO-CIRCULO-K.png\",\"contentUrl\":\"https:\/\/dolcepanis.morphos.lat\/wp-content\/uploads\/2024\/03\/ISOLOGO-CIRCULO-K.png\",\"width\":1200,\"height\":1200,\"caption\":\"dolcepanis.com\"},\"image\":{\"@id\":\"https:\/\/dolcepanis.morphos.lat\/#\/schema\/logo\/image\/\"},\"sameAs\":[\"https:\/\/www.facebook.com\/profile.php?id=61556635073571\",\"https:\/\/www.instagram.com\/dolcepanis\/\"]}]}<\/script>\n<!-- \/ Yoast SEO plugin. -->","yoast_head_json":{"title":"Pan europeo tradicional premium - Nuestros productos","description":"En DOLCE PANIS Panader\u00eda Boutique elaboramos pan tradicional europeo con ingredientes premium. Ubicados en Leon, Guanajuato.","robots":{"index":"index","follow":"follow","max-snippet":"max-snippet:-1","max-image-preview":"max-image-preview:large","max-video-preview":"max-video-preview:-1"},"canonical":"https:\/\/dolcepanis.morphos.lat\/index.php\/pan-europeo-tradicional-premium\/","og_locale":"es_MX","og_type":"article","og_title":"Pan europeo tradicional premium - Nuestros productos","og_description":"En DOLCE PANIS Panader\u00eda Boutique elaboramos pan tradicional europeo con ingredientes premium. Ubicados en Leon, Guanajuato.","og_url":"https:\/\/dolcepanis.morphos.lat\/index.php\/pan-europeo-tradicional-premium\/","og_site_name":"Dolce Panis","article_publisher":"https:\/\/www.facebook.com\/profile.php?id=61556635073571","article_modified_time":"2025-02-08T00:23:47+00:00","og_image":[{"url":"https:\/\/dolcepanis.morphos.lat\/wp-content\/uploads\/2024\/03\/pan-dulce-1.jpg","type":"","width":"","height":""}],"twitter_card":"summary_large_image","twitter_misc":{"Tiempo de lectura":"2 minutos"},"schema":{"@context":"https:\/\/schema.org","@graph":[{"@type":"WebPage","@id":"https:\/\/dolcepanis.morphos.lat\/index.php\/pan-europeo-tradicional-premium\/","url":"https:\/\/dolcepanis.morphos.lat\/index.php\/pan-europeo-tradicional-premium\/","name":"Pan europeo tradicional premium - Nuestros productos","isPartOf":{"@id":"https:\/\/dolcepanis.morphos.lat\/#website"},"primaryImageOfPage":{"@id":"https:\/\/dolcepanis.morphos.lat\/index.php\/pan-europeo-tradicional-premium\/#primaryimage"},"image":{"@id":"https:\/\/dolcepanis.morphos.lat\/index.php\/pan-europeo-tradicional-premium\/#primaryimage"},"thumbnailUrl":"https:\/\/dolcepanis.morphos.lat\/wp-content\/uploads\/2024\/03\/pan-dulce-1.jpg","datePublished":"2024-03-21T05:16:35+00:00","dateModified":"2025-02-08T00:23:47+00:00","description":"En DOLCE PANIS Panader\u00eda Boutique elaboramos pan tradicional europeo con ingredientes premium. Ubicados en Leon, Guanajuato.","breadcrumb":{"@id":"https:\/\/dolcepanis.morphos.lat\/index.php\/pan-europeo-tradicional-premium\/#breadcrumb"},"inLanguage":"es","potentialAction":[{"@type":"ReadAction","target":["https:\/\/dolcepanis.morphos.lat\/index.php\/pan-europeo-tradicional-premium\/"]}]},{"@type":"ImageObject","inLanguage":"es","@id":"https:\/\/dolcepanis.morphos.lat\/index.php\/pan-europeo-tradicional-premium\/#primaryimage","url":"https:\/\/dolcepanis.morphos.lat\/wp-content\/uploads\/2024\/03\/pan-dulce-1.jpg","contentUrl":"https:\/\/dolcepanis.morphos.lat\/wp-content\/uploads\/2024\/03\/pan-dulce-1.jpg"},{"@type":"BreadcrumbList","@id":"https:\/\/dolcepanis.morphos.lat\/index.php\/pan-europeo-tradicional-premium\/#breadcrumb","itemListElement":[{"@type":"ListItem","position":1,"name":"Inicio","item":"https:\/\/dolcepanis.morphos.lat\/"},{"@type":"ListItem","position":2,"name":"Nuestros productos"}]},{"@type":"WebSite","@id":"https:\/\/dolcepanis.morphos.lat\/#website","url":"https:\/\/dolcepanis.morphos.lat\/","name":"dolcepanis.com","description":"PANADERIA BOUTIQUE","publisher":{"@id":"https:\/\/dolcepanis.morphos.lat\/#organization"},"potentialAction":[{"@type":"SearchAction","target":{"@type":"EntryPoint","urlTemplate":"https:\/\/dolcepanis.morphos.lat\/?s={search_term_string}"},"query-input":{"@type":"PropertyValueSpecification","valueRequired":true,"valueName":"search_term_string"}}],"inLanguage":"es"},{"@type":"Organization","@id":"https:\/\/dolcepanis.morphos.lat\/#organization","name":"dolcepanis.com","url":"https:\/\/dolcepanis.morphos.lat\/","logo":{"@type":"ImageObject","inLanguage":"es","@id":"https:\/\/dolcepanis.morphos.lat\/#\/schema\/logo\/image\/","url":"https:\/\/dolcepanis.morphos.lat\/wp-content\/uploads\/2024\/03\/ISOLOGO-CIRCULO-K.png","contentUrl":"https:\/\/dolcepanis.morphos.lat\/wp-content\/uploads\/2024\/03\/ISOLOGO-CIRCULO-K.png","width":1200,"height":1200,"caption":"dolcepanis.com"},"image":{"@id":"https:\/\/dolcepanis.morphos.lat\/#\/schema\/logo\/image\/"},"sameAs":["https:\/\/www.facebook.com\/profile.php?id=61556635073571","https:\/\/www.instagram.com\/dolcepanis\/"]}]}},"_links":{"self":[{"href":"https:\/\/dolcepanis.morphos.lat\/index.php\/wp-json\/wp\/v2\/pages\/793","targetHints":{"allow":["GET"]}}],"collection":[{"href":"https:\/\/dolcepanis.morphos.lat\/index.php\/wp-json\/wp\/v2\/pages"}],"about":[{"href":"https:\/\/dolcepanis.morphos.lat\/index.php\/wp-json\/wp\/v2\/types\/page"}],"author":[{"embeddable":true,"href":"https:\/\/dolcepanis.morphos.lat\/index.php\/wp-json\/wp\/v2\/users\/1"}],"replies":[{"embeddable":true,"href":"https:\/\/dolcepanis.morphos.lat\/index.php\/wp-json\/wp\/v2\/comments?post=793"}],"version-history":[{"count":76,"href":"https:\/\/dolcepanis.morphos.lat\/index.php\/wp-json\/wp\/v2\/pages\/793\/revisions"}],"predecessor-version":[{"id":1673,"href":"https:\/\/dolcepanis.morphos.lat\/index.php\/wp-json\/wp\/v2\/pages\/793\/revisions\/1673"}],"wp:attachment":[{"href":"https:\/\/dolcepanis.morphos.lat\/index.php\/wp-json\/wp\/v2\/media?parent=793"}],"curies":[{"name":"wp","href":"https:\/\/api.w.org\/{rel}","templated":true}]}}